{"id":1798,"date":"2024-04-23T16:41:37","date_gmt":"2024-04-23T10:11:37","guid":{"rendered":"https:\/\/ambyangon.esteri.it\/?page_id=1798"},"modified":"2024-04-23T17:01:44","modified_gmt":"2024-04-23T10:31:44","slug":"carta-didentita","status":"publish","type":"page","link":"https:\/\/ambyangon.esteri.it\/en\/servizi-consolari-e-visti\/servizi-per-il-cittadino-italiano\/carta-didentita\/","title":{"rendered":"Carta d&#8217;identit\u00e0"},"content":{"rendered":"<p>A partire dal 15 maggio 2024 \u00e8 possibile prenotare l\u2019appuntamento per la richiesta di Carta di d\u2019identit\u00e0 elettronica (CIE) in formato tessera plastificata seguendo la procedura sotto descritta. La CIE \u00e8 emessa dal Ministero dell\u2019Interno e spedita dall\u2019Italia.<\/p>\n<p><img loading=\"lazy\" decoding=\"async\" class=\"size-medium wp-image-1789 img-fluid aligncenter\" src=\"https:\/\/ambyangon.esteri.it\/wp-content\/uploads\/2024\/04\/CIE-300x192.png\" alt=\"\" width=\"300\" height=\"192\" srcset=\"https:\/\/ambyangon.esteri.it\/wp-content\/uploads\/2024\/04\/CIE-300x192.png 300w, https:\/\/ambyangon.esteri.it\/wp-content\/uploads\/2024\/04\/CIE.png 600w\" sizes=\"auto, (max-width: 300px) 100vw, 300px\" \/><\/p>\n<p><strong>1) Che cos\u2019\u00e8 la carta d\u2019identit\u00e0 elettronica?<\/strong><br \/>\nLa carta d\u2019identit\u00e0 \u00e8 un documento personale di riconoscimento valido per identificarsi e circolare nell\u2019Unione Europea, in alcuni Stati aderenti all\u2019accordo di Schengen (ad es. Islanda, Norvegia e Svizzera) e in altri Stati con cui sono stati raggiunti accordi bilaterali (vedasi le singole \u201cschede Paese\u201d sul sito\u00a0<a href=\"http:\/\/www.viaggiaresicuri.it\/\">www.viaggiaresicuri.it<\/a>).<br \/>\nLa carta d\u2019identit\u00e0 elettronica (CIE) \u00e8 la nuova carta d\u2019identit\u00e0 in formato tessera plastificata; oltre a svolgere le stesse funzioni di quella cartacea, consente di accedere ai servizi online delle Pubbliche Amministrazioni italiane.<\/p>\n<p><strong>2) A chi pu\u00f2 essere rilasciata la carta d\u2019identit\u00e0 elettronica?<\/strong><br \/>\nL\u2019Ambasciata d\u2019Italia a Yangon pu\u00f2 rilasciare la carta d\u2019identit\u00e0 <strong>esclusivamente ai cittadini italiani regolarmente residenti in questa circoscrizione consolare, gi\u00e0 registrati nello schedario consolare e i cui dati anagrafici siano gi\u00e0 presenti nel registro A.I.R.E. (Anagrafe degli Italiani Residenti all\u2019Estero).<\/strong><br \/>\nChi non \u00e8 registrato all\u2019A.I.R.E. dovr\u00e0 prima regolarizzare la propria iscrizione anagrafica ed attendere, prima di poter far domanda, di essere inserito in tale registro da parte del Comune italiano competente (per i cittadini non iscritti all\u2019A.I.R.E., la competenza al rilascio della carta d\u2019identit\u00e0 rimane al Comune italiano di residenza ufficiale).<br \/>\nNel caso si sia cambiato indirizzo di residenza (rispetto a quello comunicato in precedenza all\u2019Ufficio consolare), \u00e8 necessario chiedere la variazione di indirizzo prima di procedere alla prenotazione.<br \/>\nAi fini della registrazione nella banca dati A.I.R.E. \u00e8 indispensabile, per i cittadini italiani nati all\u2019estero,\u00a0<strong>che l\u2019atto di nascita risulti gi\u00e0 trascritto nei registri di Stato Civile del Comune di riferimento.<br \/>\n<\/strong>Per informazioni su iscrizione e variazione A.I.R.E., si prega di consultare la pagina <a href=\"https:\/\/ambyangon.esteri.it\/it\/servizi-consolari-e-visti\/servizi-per-il-cittadino-italiano\/anagrafe\/\">Anagrafe<\/a>.<\/p>\n<p><strong>3) Quando si pu\u00f2 richiedere?<\/strong><br \/>\nLa CIE viene rilasciata solo:<\/p>\n<ul>\n<li>a chi non sia in possesso di un\u2019altra carta d\u2019identit\u00e0 valida;<\/li>\n<li>a chi abbia una carta d\u2019identit\u00e0 con validit\u00e0 residua inferiore a 6 mesi;<\/li>\n<li>in caso di furto, smarrimento o deterioramento della carta precedente (in questi casi si paga la tariffa DUPLICATO).<\/li>\n<\/ul>\n<p>Questo Ufficio canceller\u00e0 d\u2019ufficio eventuali appuntamenti che non rispettino tali requisiti.<\/p>\n<p><strong>4) Come si richiede la carta d\u2019identit\u00e0 elettronica (CIE)?<\/strong><br \/>\nLa richiesta della carta d\u2019identit\u00e0 elettronica deve essere presentata utilizzando la piattaforma <a href=\"https:\/\/prenotami.esteri.it\/\"><strong>Prenot@Mi \u00a0(<\/strong><\/a><strong><a href=\"https:\/\/prenotami.esteri.it\/\" target=\"_blank\" rel=\"noopener\">https:\/\/prenotami.esteri.it<\/a>)<\/strong>.\u00a0Dal momento della richiesta alla data fissata per l\u2019appuntamento trascorrono almeno 15 giorni, necessari per consentire all\u2019ufficio consolare di effettuare il controllo dei dati anagrafici, risolvere eventuali disallineamenti e verificare che non sussistano cause ostative al rilascio del documento.<\/p>\n<p>Al momento della prenotazione, occorre allegare il <strong>formulario di richiesta e copia di un documento d\u2019identit\u00e0<\/strong> in uso. In caso di difficolt\u00e0, \u00e8 possibile inviare il modulo e la copia del documento all\u2019indirizzo email <a href=\"mailto:consolare.yangon@esteri.it\">consolare.yangon@esteri.it<\/a>. Nel caso di un minore, il formulario deve essere sottoscritto da entrambi i genitori e accompagnato da copia dei documenti d\u2019identit\u00e0 di entrambi i genitori.<\/p>\n<p>N.B.: Qualora uno dei genitori non sia cittadino italiano, dovr\u00e0 presentarsi di persona in Ambasciata con il proprio documento d\u2019identit\u00e0 per l&#8217;autentica della firma al momento dell&#8217;appuntamento del minore.<\/p>\n<p><strong>Modulistica:<\/strong><br \/>\n1) <a href=\"https:\/\/ambyangon.esteri.it\/wp-content\/uploads\/2024\/04\/Modulo-Richiesta-CIE.pdf\">Modulo Richiesta CIE<\/a><strong>\u00a0<\/strong><br \/>\n2) <a href=\"https:\/\/ambyangon.esteri.it\/wp-content\/uploads\/2024\/04\/Modulo-Richiesta-CIE-Minori.pdf\">Modulo Richiesta CIE Minori<\/a><br \/>\n3) <a href=\"https:\/\/ambyangon.esteri.it\/wp-content\/uploads\/2024\/04\/atto-di-assenso-ITALIANO-e-INGLESE.pdf\">Modulo assenso<\/a><\/p>\n<p><strong>5) \u00c8 possibile chiedere l\u2019appuntamento per i miei figli minori?<\/strong><br \/>\nS\u00ec. In fase di prenotazione dell\u2019appuntamento bisogner\u00e0 indicare i dettagli dei figli minori. Sar\u00e0 possibile con un\u2019unica richiesta prenotare un appuntamento fino a un massimo di 2 persone.<\/p>\n<p><strong>6) \u00c8 possibile chiedere l\u2019appuntamento per conto del coniuge?<\/strong><br \/>\nNo. Il coniuge dovr\u00e0 prenotarsi l\u2019appuntamento autonomamente.<\/p>\n<p><strong>7) Qual \u00e8 la documentazione necessaria da portare con s\u00e9 al momento dell\u2019appuntamento per richiedere la CIE?<\/strong><br \/>\nNormalmente il richiedente deve presentarsi munito di:<br \/>\n1. Una\u00a0<strong>fototessera<\/strong>\u00a0a norma biometrica\u00a0<strong>conforme agli standard internazionali ICAO<\/strong>\u00a0(recente, frontale, a sfondo bianco, a colori formato 35 x 45 mm);<br \/>\n2.\u00a0<strong>Carta di identit\u00e0 precedente<\/strong>, anche se scaduta.\u00a0<strong>In caso di prima emissione, portare un documento di riconoscimento (anche se scaduto) o due testimoni;<\/strong><br \/>\n3. In caso di smarrimento\/furto della precedente carta, portare\u00a0<strong>denuncia scritta rilasciata dalla polizia locale<\/strong>;<br \/>\n4.\u00a0<strong>Atto di assenso di entrambi genitori<\/strong>\u00a0nel caso in cui il richiedente sia un minore di 18 anni (v. punto 11);<br \/>\n5. Euro 21,95 per il rilascio oppure euro 27,11 per il duplicato (<strong>pagabili solo in Euro e in contanti<\/strong>);<\/p>\n<p><strong>8) Quali sono le operazioni che saranno effettuate il giorno dell\u2019appuntamento?<\/strong><br \/>\nIl giorno dell\u2019appuntamento, l\u2019operatore consolare acquisisce la documentazione indicata al punto precedente, effettua il riconoscimento e la verifica della foto ed acquisisce le impronte digitali e la firma (salvo per i minori di anni 12).<br \/>\nAnche i minori di et\u00e0 inferiore ai 12 anni devono essere presenti, perch\u00e9 \u00e8 necessaria la loro identificazione da parte del funzionario dell\u2019ufficio.<\/p>\n<p><strong>9) Come si riceve la Carta d\u2019identit\u00e0 elettronica?<\/strong><br \/>\nLa CIE \u00e8 emessa dal Ministero dell\u2019Interno e prodotta dall\u2019Istituto Poligrafico e Zecca dello Stato, che la spedisce <strong>all\u2019Ambasciata. Il connazionale potr\u00e0 ritirare la propria CIE di persona oppure concordare modalit\u00e0 alternative di consegna (es. recapito tramite corriere) a carico dell&#8217;interessato. <\/strong>Decorso un anno senza che la CIE venga ritirata, si proceder\u00e0 alla sua distruzione.<\/p>\n<p><strong>10) Quanto tempo vale la carta d\u2019identit\u00e0?<\/strong><br \/>\nLa validit\u00e0 della carta d\u2019identit\u00e0 varia a seconda dell\u2019et\u00e0 del titolare ed \u00e8 di:<\/p>\n<ul>\n<li>3 anni per i minori di et\u00e0 compresa tra 0 e 3 anni;<\/li>\n<li>5 anni per i minori di et\u00e0 compresa tra 3 e 18 anni;<\/li>\n<li>10 anni per persone di et\u00e0 superiore ai 18 anni.<\/li>\n<\/ul>\n<p><strong>11) Cos\u2019\u00e8 l\u2019atto di assenso?<\/strong><br \/>\nIn caso di richiesta per un minore, l\u2019atto di assenso dovr\u00e0 essere compilato e firmato da entrambi i genitori.<br \/>\nL\u2019assenso \u00e8 necessario anche in caso di genitori non sposati, separati o divorziati.<\/p>\n<ul>\n<li>Se uno dei genitori \u00e8 cittadino extra UE (inclusi cittadini britannici) il modulo di richiesta va firmato alla presenza del funzionario dell\u2019Ambasciata. Se il genitore si trova in un Paese diverso da Italia e Myanmar, dovr\u00e0 firmare il modulo presso un ufficio consolare italiano nel Paese in cui si trova.<\/li>\n<li>In caso di decesso di uno dei genitori, dovr\u00e0 essere presentata una copia del certificato di morte.<\/li>\n<\/ul>\n<p><strong>12) Devo chiedere una nuova carta se cambio indirizzo?<\/strong><br \/>\nNo. La carta d\u2019identit\u00e0 \u00e8 un documento di identit\u00e0 e non di residenza. Non \u00e8 pertanto possibile\/necessario aggiornare l\u2019indirizzo su una carta valida.<\/p>\n<p>1<strong>3) \u00c8 possibile per le donne sposate inserire il cognome del marito?<\/strong><br \/>\nNo. La carta d\u2019identit\u00e0 \u00e8 un documento di identit\u00e0 e non di stato civile. Non \u00e8 pertanto possibile\/necessario inserire lo stato civile o il cognome di eventuali coniugi.<\/p>\n<p><strong>14) A partire da quando \u00e8 possibile richiedere la carta d\u2019identit\u00e0 elettronica (CIE)?<\/strong><br \/>\nSi pu\u00f2 fare richiesta di appuntamento per il rilascio della carta d\u2019identit\u00e0 elettronica a partire dal 15 maggio 2024.<\/p>\n","protected":false},"excerpt":{"rendered":"A partire dal 15 maggio 2024 \u00e8 possibile prenotare l\u2019appuntamento per la richiesta di Carta di d\u2019identit\u00e0 elettronica (CIE) in formato tessera plastificata seguendo la procedura sotto descritta. La CIE \u00e8 emessa dal Ministero dell\u2019Interno e spedita dall\u2019Italia. 1) Che cos\u2019\u00e8 la carta d\u2019identit\u00e0 elettronica? La carta d\u2019identit\u00e0 \u00e8 un documento personale di riconoscimento valido [&hellip;]","protected":false},"author":4,"featured_media":0,"parent":141,"menu_order":0,"comment_status":"closed","ping_status":"closed","template":"","meta":{"footnotes":""},"class_list":["post-1798","page","type-page","status-publish","hentry"],"_links":{"self":[{"href":"https:\/\/ambyangon.esteri.it\/en\/wp-json\/wp\/v2\/pages\/1798","targetHints":{"allow":["GET"]}}],"collection":[{"href":"https:\/\/ambyangon.esteri.it\/en\/wp-json\/wp\/v2\/pages"}],"about":[{"href":"https:\/\/ambyangon.esteri.it\/en\/wp-json\/wp\/v2\/types\/page"}],"author":[{"embeddable":true,"href":"https:\/\/ambyangon.esteri.it\/en\/wp-json\/wp\/v2\/users\/4"}],"replies":[{"embeddable":true,"href":"https:\/\/ambyangon.esteri.it\/en\/wp-json\/wp\/v2\/comments?post=1798"}],"version-history":[{"count":5,"href":"https:\/\/ambyangon.esteri.it\/en\/wp-json\/wp\/v2\/pages\/1798\/revisions"}],"predecessor-version":[{"id":1815,"href":"https:\/\/ambyangon.esteri.it\/en\/wp-json\/wp\/v2\/pages\/1798\/revisions\/1815"}],"up":[{"embeddable":true,"href":"https:\/\/ambyangon.esteri.it\/en\/wp-json\/wp\/v2\/pages\/141"}],"wp:attachment":[{"href":"https:\/\/ambyangon.esteri.it\/en\/wp-json\/wp\/v2\/media?parent=1798"}],"curies":[{"name":"wp","href":"https:\/\/api.w.org\/{rel}","templated":true}]}}