{"id":38,"date":"2023-04-11T17:53:01","date_gmt":"2023-04-11T15:53:01","guid":{"rendered":"https:\/\/ambasciatapraga.esteri.it\/?page_id=38"},"modified":"2023-11-08T15:55:07","modified_gmt":"2023-11-08T09:25:07","slug":"lambasciatore","status":"publish","type":"page","link":"https:\/\/ambyangon.esteri.it\/it\/chi-siamo\/lambasciatore\/","title":{"rendered":"Il Capo Missione"},"content":{"rendered":"<p><strong>Curriculum Vitae &#8211; Nicol\u00f2 Tassoni Estense di Castelvecchio<\/strong><\/p>\n<ul>\n<li>Nato nel 1970<\/li>\n<li>Laureato in Giurisprudenza presso l&#8217;Universit\u00e0 LUISS, Roma, 1993<\/li>\n<li>Entrato in Carriera Diplomatica nel 1995<\/li>\n<li>Primo Segretario a Tripoli (Libia), 1999<\/li>\n<li>Primo Segretario alla Rappresentanza d&#8217;Italia al Consiglio d&#8217;Europa, Strasburgo, 2002<\/li>\n<li>Vice Capo Ufficio per il Sud-Est asiatico, 2005<\/li>\n<li>Consigliere economico e commerciale a Nuova Delhi, 2006<\/li>\n<li>Primo consigliere economico e commerciale al Cairo, 2009<\/li>\n<li>Ambasciatore presso la Repubblica del Congo, 2011<\/li>\n<li>Vice Direttore per l&#8217;America Latina e Capo Ufficio per il Sud America, 2014<\/li>\n<li>Vice Capo Missione e Ministro Consigliere a Tokyo, 2018<\/li>\n<li>Incaricato d&#8217;affari a Yangon, 1 luglio 2022<\/li>\n<\/ul>\n<p>&nbsp;<\/p>\n<p><strong>Messaggio del Capo Missione<\/strong><\/p>\n<p>Cari amici birmani dell\u2019Italia, cari connazionali,<\/p>\n<p>Desidero trasmettervi il mio benvenuto sul sito dell\u2019Ambasciata d\u2019Italia a Yangon.<\/p>\n<p>Nelle complesse circostanze attuali, l\u2019Ambasciata d\u2019Italia intende continuare a essere un \u201cponte\u201d fra la popolazione birmana e l\u2019Italia ed a favorire i rapporti fra le due societ\u00e0 civili, nonch\u00e9 restare un punto di riferimento per i connazionali che risiedono ed operano in Myanmar, in condizioni spesso difficili.<\/p>\n<p>Mi considero a vostra disposizione per conseguire assieme tali obiettivi, consapevole dell\u2019importanza che la comunit\u00e0 internazionale continui a mostrarsi solidale con il popolo birmano e sostenga il processo di ritorno del Paese alla democrazia ed alla concordia nazionale.<\/p>\n<p>Il rapporto fra Italia e Myanmar \u00e8 molto antico e l\u2019Italia ha incoraggiato con entusiasmo il processo di apertura democratica degli anni scorsi, fiduciosa di poter operare a fianco del Myanmar e dei suoi leaders per sostenere un Paese sempre pi\u00f9 democratico, prospero e aperto sul mondo.<\/p>\n<p>Ma la storia di questo Paese \u00e8 una storia tormentata, come dimostrano gli eventi che hanno avuto luogo dall\u2019inizio del 2021 e che la comunit\u00e0 internazionale condanna con fermezza.<\/p>\n<p>L\u2019Italia ed il popolo italiano hanno accompagnato con impegno e partecipazione il cammino del popolo birmano verso la democrazia, il pluralismo e lo sviluppo sociale e continueranno a farlo con sentimenti di fraterna amicizia e di solidariet\u00e0. \u00c8 con questo spirito che intraprendo questo nuovo mandato professionale, consapevole delle molte difficolt\u00e0 che si frappongono a tale obiettivo condiviso, ma anche dell\u2019importanza di continuare a assicurare \u2013 in un momento critico per il Paese \u2013 una presenza tangibile dell\u2019Italia in Myanmar.<\/p>\n<p><em>Nicol\u00f2 Tassoni Estense<\/em><br \/>\n<em>Incaricato d\u2019Affari<\/em><\/p>\n","protected":false},"excerpt":{"rendered":"Curriculum Vitae &#8211; Nicol\u00f2 Tassoni Estense di Castelvecchio Nato nel 1970 Laureato in Giurisprudenza presso l&#8217;Universit\u00e0 LUISS, Roma, 1993 Entrato in Carriera Diplomatica nel 1995 Primo Segretario a Tripoli (Libia), 1999 Primo Segretario alla Rappresentanza d&#8217;Italia al Consiglio d&#8217;Europa, Strasburgo, 2002 Vice Capo Ufficio per il Sud-Est asiatico, 2005 Consigliere economico e commerciale a Nuova [&hellip;]","protected":false},"author":1,"featured_media":0,"parent":13,"menu_order":0,"comment_status":"closed","ping_status":"closed","template":"","meta":{"footnotes":""},"class_list":["post-38","page","type-page","status-publish","hentry"],"_links":{"self":[{"href":"https:\/\/ambyangon.esteri.it\/it\/wp-json\/wp\/v2\/pages\/38","targetHints":{"allow":["GET"]}}],"collection":[{"href":"https:\/\/ambyangon.esteri.it\/it\/wp-json\/wp\/v2\/pages"}],"about":[{"href":"https:\/\/ambyangon.esteri.it\/it\/wp-json\/wp\/v2\/types\/page"}],"author":[{"embeddable":true,"href":"https:\/\/ambyangon.esteri.it\/it\/wp-json\/wp\/v2\/users\/1"}],"replies":[{"embeddable":true,"href":"https:\/\/ambyangon.esteri.it\/it\/wp-json\/wp\/v2\/comments?post=38"}],"version-history":[{"count":6,"href":"https:\/\/ambyangon.esteri.it\/it\/wp-json\/wp\/v2\/pages\/38\/revisions"}],"predecessor-version":[{"id":395,"href":"https:\/\/ambyangon.esteri.it\/it\/wp-json\/wp\/v2\/pages\/38\/revisions\/395"}],"up":[{"embeddable":true,"href":"https:\/\/ambyangon.esteri.it\/it\/wp-json\/wp\/v2\/pages\/13"}],"wp:attachment":[{"href":"https:\/\/ambyangon.esteri.it\/it\/wp-json\/wp\/v2\/media?parent=38"}],"curies":[{"name":"wp","href":"https:\/\/api.w.org\/{rel}","templated":true}]}}