{"id":49,"date":"2023-04-11T18:13:11","date_gmt":"2023-04-11T16:13:11","guid":{"rendered":"https:\/\/ambasciatapraga.esteri.it\/?page_id=49"},"modified":"2023-10-26T20:04:35","modified_gmt":"2023-10-26T13:34:35","slug":"passaporti-e-carte-didentita","status":"publish","type":"page","link":"https:\/\/ambyangon.esteri.it\/it\/servizi-consolari-e-visti\/servizi-per-il-cittadino-italiano\/passaporti-e-carte-didentita\/","title":{"rendered":"Passaporti e Documenti di viaggio provvisori (ETD)"},"content":{"rendered":"<p>Il passaporto \u00e8 un\u00a0<strong>documento di viaggio e d\u2019identit\u00e0<\/strong>\u00a0che viene\u00a0<strong>rilasciato ai cittadini italiani<\/strong>\u00a0(la cui cittadinanza sia stata pertanto gi\u00e0 riconosciuta e l\u2019atto di nascita inviato in Italia per la trascrizione)\u00a0regolarmente residenti nella circoscrizione consolare, iscritti nell\u2019Anagrafe Consolare e con una situazione di stato civile aggiornata. Si tratta di passaporti elettronici che memorizzano su un chip presente nel libretto le impronte digitali e la foto del possessore insieme ai suoi dati anagrafici. Per l&#8217;apposizione delle impronte \u00e8 pertanto necessario recarsi personalmente presso l\u2019Ufficio consolare. Solamente gli utenti di et\u00e0 inferiore a 12 anni sono esonerati dall\u2019apposizione delle impronte digitali.<br \/>\nL\u2019Ufficio consolare dell\u2019Ambasciata pu\u00f2, eccezionalmente, valutate le circostanze del caso, rilasciare il passaporto in favore di cittadini non residenti nella circoscrizione consolare, ma in tal caso, essendo necessaria la previa acquisizione del nulla osta e della delega da parte dell\u2019Autorit\u00e0 italiana competente per residenza (Questura o altro Consolato), i tempi di rilascio saranno pi\u00f9 lunghi.<br \/>\nI passaporti non sono rinnovabili e hanno una validit\u00e0 temporale differenziata in base all\u2019et\u00e0:<br \/>\n\u2022 tre anni per i minori da 0 a 3 anni;<br \/>\n\u2022 cinque anni per i minori da 3 a 18 anni;<br \/>\n\u2022 dieci anni per i maggiorenni.<\/p>\n<p><a href=\"https:\/\/www.esteri.it\/it\/servizi-consolari-e-visti\/italiani-all-estero\/documenti_di_viaggio\/passaporto\/\">Link al sito del Ministero Affari Esteri con informazioni generali<\/a><\/p>\n<p>&nbsp;<\/p>\n<p><strong>Cosa fare per richiedere il passaporto<\/strong><\/p>\n<p>I connazionali residenti dovranno anticipare la richiesta di rilascio di un nuovo passaporto inviando un\u2019email all\u2019indirizzo di posta elettronica\u00a0<a href=\"mailto:consolare.yangon@esteri.it\">consolare.yangon@esteri.it<\/a><br \/>\nQuesta email dovr\u00e0 contenere:<br \/>\n1) una copia delle prime pagine del passaporto compresa la pagina principale e quella che indica l\u2019autorit\u00e0 emittente;<br \/>\n2) il modulo di richiesta debitamente compilato e sottoscritto (vedi\u00a0<a href=\"https:\/\/ambyangon.esteri.it\/wp-content\/uploads\/2023\/10\/modulo_passaporto.pdf\">Modulo di richiesta passaporto<\/a>).<\/p>\n<p>A partire dal 14 giugno 2023, a seguito della intervenuta modifica dell\u2019art. 3-bis della L. 1185\/1967, il genitore di figli minori che richieda il rilascio del proprio passaporto non \u00e8 pi\u00f9 tenuto a presentare l\u2019atto di assenso al rilascio da parte dell\u2019altro genitore. Quest\u2019ultimo, in caso di concreto ed attuale pericolo di sottrazione all\u2019adempimento degli obblighi verso i figli da parte del genitore richiedente il passaporto a causa del trasferimento all\u2019estero, potr\u00e0 presentare presso il tribunale competente domanda di inibitoria al rilascio del passaporto. Il genitore richiedente il passaporto dovr\u00e0 pertanto utilizzare l\u2019<strong>apposito modulo<\/strong> di richiesta del passaporto (<a href=\"https:\/\/ambyangon.esteri.it\/wp-content\/uploads\/2023\/10\/domandarilasciomaggiorenneconfigli_nodata.pdf\">Richiesta rilascio passaporto genitore con figli minorenni)<\/a> <strong>contenente una dichiarazione sostitutiva<\/strong>\u00a0di certificazione in merito all\u2019assenza di provvedimenti che possano inibire il rilascio del passaporto (come da disposizioni contenute nell\u2019art. 20 del Decreto Legge n. 69 del 13 giugno 2023).<br \/>\nResta invece obbligatorio l\u2019assenso di entrambi i genitori o di chi esercita la responsabilit\u00e0 genitoriale per il rilascio del passaporto al figlio minorenne. Per quanto riguarda la forma, per i cittadini italiani o UE \u00e8 sufficiente una dichiarazione sostitutiva recente (massimo 3 mesi) cui va allegata la copia di un documento d\u2019identit\u00e0 da cui risulti la corrispondenza delle due firme (quella sul documento e quella sull\u2019atto di assenso). Il cittadino straniero non UE residente in questa circoscrizione dovr\u00e0 invece presentarsi personalmente presso l\u2019Ufficio consolare per firmare l\u2019assenso davanti al funzionario incaricato. Se risiede in Italia potr\u00e0 presentarsi presso una Questura.<br \/>\nIn caso di decesso di uno dei genitori, \u00e8 necessario presentare l\u2019atto di morte dello stesso.<br \/>\nUna volta espletate le suddette verifiche e ottenuto, ove necessario, il nulla osta dell\u2019ente che ha emesso il vecchio passaporto, il connazionale sar\u00e0 convocato presso l\u2019Ufficio Consolare per l\u2019emissione del nuovo libretto e dovr\u00e0 presentarsi personalmente munito dei seguenti documenti:<\/p>\n<ul>\n<li>formulario di richiesta del passaporto, debitamente compilato e sottoscritto dall\u2019interessato;<\/li>\n<li>esibizione di un documento di riconoscimento ai sensi del D.P.R. 445\/2000;<\/li>\n<li>vecchio passaporto italiano, se posseduto;<\/li>\n<li>eventuale passaporto di altra nazionalit\u00e0;<\/li>\n<li>Euro 42,50 per il costo del libretto e Euro 73,50 per il contributo amministrativo (vedasi <a href=\"https:\/\/ambyangon.esteri.it\/wp-content\/uploads\/2023\/10\/Tabella-dei-diritti-consolari.pdf\">Tabella dei diritti consolari<\/a>).<\/li>\n<\/ul>\n<p>&nbsp;<\/p>\n<p><strong>Passaporto del minore di 18 anni<\/strong><\/p>\n<p>Si ricorda che dal 26 giugno 2012, tutti i minori italiani che viaggiano all&#8217;estero devono essere muniti di passaporto individuale. Pertanto, a partire da tale data non \u00e8 pi\u00f9 possibile l\u2019iscrizione sul passaporto dei genitori. Per il rilascio del passaporto, il minore che abbia compiuto 12 anni deve presentarsi presso l\u2019Ufficio consolare accompagnato dal genitore italiano con:<br \/>\no passaporto (o altro valido documento d\u2019identit\u00e0) del minore e di entrambi i genitori con copia delle prime pagine degli stessi, inclusa la pagina con la firma dei titolari;<br \/>\no atto di assenso firmato dall\u2019altro genitore italiano. Il cittadino straniero non UE residente in questa circoscrizione dovr\u00e0 invece presentarsi personalmente presso l\u2019Ufficio consolare per firmare l\u2019assenso davanti al funzionario incaricato. Se \u00e8 residente in altra circoscrizione consolare potr\u00e0 presentarsi presso l\u2019Ufficio consolare territorialmente competente. Se risiede in Italia potr\u00e0 presentarsi presso una Questura.<br \/>\nATTENZIONE: Qualora l\u2019altro genitore si rifiuti di firmare l\u2019atto di assenso, il Console Generale pu\u00f2 con proprio decreto autorizzare comunque il rilascio se accerta che non sussiste alcuna delle cause ostative previste dall\u2019articolo 3 della Legge sui Passaporti.<br \/>\nSi ricorda che, nel caso in cui il minore sia nato all\u2019estero, \u00e8 necessaria la previa presentazione all\u2019Ufficio consolare competente dell\u2019atto di nascita, tradotto e legalizzato ai fini della trasmissione in Italia, per la successiva trascrizione nei registri di stato civile del Comune di riferimento.<br \/>\nI minori di anni 14 possono viaggiare solo se accompagnati da uno dei genitori o da persona da questi espressamente autorizzata (accompagnatore). Pertanto, qualora il minore si debba recare all&#8217;estero o fuori dal paese di residenza in compagnia di persona diversa dai genitori o dal tutore, i genitori o il tutore dovranno rendere apposita dichiarazione con cui affidano il minore a un terzo accompagnatore. A tal fine dovranno compilare e sottoscrivere una Dichiarazione di accompagnamento (una per ogni figlio per cui s&#8217;intende rilasciare) e fissare un appuntamento presso l\u2019Ufficio consolare inviando un&#8217;email all\u2019indirizzo consolare.yangon@esteri.it. In tale occasione, se non iscritti all\u2019Aire, dovranno altres\u00ec dimostrare la relazione di parentela o di tutela (ad esempio mostrando uno stato di famiglia) ed esibire un documento d&#8217;identit\u00e0 valido e recente. Il nome della persona cui il minore \u00e8 affidato potr\u00e0 essere annotato sul passaporto del minore (se si possiedono tutti i dati anagrafici e di residenza dell&#8217;accompagnatore) ovvero su una dichiarazione separata valida 6 mesi che dovr\u00e0 indicare il singolo viaggio di andata e ritorno cui si riferisce.<\/p>\n<p>&nbsp;<\/p>\n<p><strong>Furto e Smarrimento del Passaporto<\/strong><\/p>\n<p>I connazionali che abbiano smarrito o subito il furto del proprio passaporto devono presentare denuncia sia alle Autorit\u00e0 locali che presso l\u2019Ufficio consolare. Qualora il connazionale abbia urgenza di partire deve scrivere una mail all&#8217;indirizzo\u00a0<a href=\"mailto:consolare.yangon@esteri.it\">consolare.yangon@esteri.it<\/a>\u00a0al fine di recarsi 3-4 giorni prima della partenza all&#8217;Ufficio consolare, nei giorni di apertura al pubblico, per il rilascio di un ETD (Emergency Travel Document) valido per il solo rientro in Italia, oppure nel Paese di stabile residenza (nel qual caso \u00e8 necessario esibire appropriato documento che lo dimostri), munito di:<\/p>\n<ul>\n<li>2 foto tessere a colori, con il viso in primo piano e lo sfondo bianco, di dimensioni 4-4,5 cm di altezza e 3,2-3,5 cm di larghezza;<\/li>\n<li>denuncia rilasciata dalle locali Autorit\u00e0 di Polizia;<\/li>\n<li>denuncia di smarrimento o furto presentata presso l\u2019Ufficio consolare;<\/li>\n<li>biglietto\/e-ticket aereo di rientro in Italia o nel Paese di residenza;<\/li>\n<li>fotocopia del passaporto o di altro documenti di riconoscimento, se in possesso;<\/li>\n<li>Euro 1,55\u00a0(vedasi <a href=\"https:\/\/ambyangon.esteri.it\/wp-content\/uploads\/2023\/10\/Tabella-dei-diritti-consolari.pdf\">Tabella dei diritti consolari<\/a>).<\/li>\n<\/ul>\n<p>Verr\u00e0 rilasciato l\u2019ETD che permetter\u00e0 il rientro in Italia o nel Paese di residenza.<\/p>\n","protected":false},"excerpt":{"rendered":"Il passaporto \u00e8 un\u00a0documento di viaggio e d\u2019identit\u00e0\u00a0che viene\u00a0rilasciato ai cittadini italiani\u00a0(la cui cittadinanza sia stata pertanto gi\u00e0 riconosciuta e l\u2019atto di nascita inviato in Italia per la trascrizione)\u00a0regolarmente residenti nella circoscrizione consolare, iscritti nell\u2019Anagrafe Consolare e con una situazione di stato civile aggiornata. Si tratta di passaporti elettronici che memorizzano su un chip presente [&hellip;]","protected":false},"author":1,"featured_media":0,"parent":47,"menu_order":0,"comment_status":"closed","ping_status":"closed","template":"","meta":{"footnotes":""},"class_list":["post-49","page","type-page","status-publish","hentry"],"_links":{"self":[{"href":"https:\/\/ambyangon.esteri.it\/it\/wp-json\/wp\/v2\/pages\/49","targetHints":{"allow":["GET"]}}],"collection":[{"href":"https:\/\/ambyangon.esteri.it\/it\/wp-json\/wp\/v2\/pages"}],"about":[{"href":"https:\/\/ambyangon.esteri.it\/it\/wp-json\/wp\/v2\/types\/page"}],"author":[{"embeddable":true,"href":"https:\/\/ambyangon.esteri.it\/it\/wp-json\/wp\/v2\/users\/1"}],"replies":[{"embeddable":true,"href":"https:\/\/ambyangon.esteri.it\/it\/wp-json\/wp\/v2\/comments?post=49"}],"version-history":[{"count":6,"href":"https:\/\/ambyangon.esteri.it\/it\/wp-json\/wp\/v2\/pages\/49\/revisions"}],"predecessor-version":[{"id":290,"href":"https:\/\/ambyangon.esteri.it\/it\/wp-json\/wp\/v2\/pages\/49\/revisions\/290"}],"up":[{"embeddable":true,"href":"https:\/\/ambyangon.esteri.it\/it\/wp-json\/wp\/v2\/pages\/47"}],"wp:attachment":[{"href":"https:\/\/ambyangon.esteri.it\/it\/wp-json\/wp\/v2\/media?parent=49"}],"curies":[{"name":"wp","href":"https:\/\/api.w.org\/{rel}","templated":true}]}}