{"id":69,"date":"2023-04-11T18:18:20","date_gmt":"2023-04-11T16:18:20","guid":{"rendered":"https:\/\/ambasciatapraga.esteri.it\/?page_id=69"},"modified":"2023-10-26T20:19:43","modified_gmt":"2023-10-26T13:49:43","slug":"assistenza-ai-cittadini-allestero","status":"publish","type":"page","link":"https:\/\/ambyangon.esteri.it\/it\/servizi-consolari-e-visti\/servizi-per-il-cittadino-italiano\/assistenza-ai-cittadini-allestero\/","title":{"rendered":"Assistenza ai cittadini all&#8217;estero"},"content":{"rendered":"<p>Il servizio di assistenza sociale \u00e8 destinato ai cittadini italiani che versano in una situazione di indigenza. I cittadini italiani possono ricevere dal Consolato un aiuto economico o di altro tipo per superare una momentanea difficolt\u00e0.<\/p>\n<p><a href=\"https:\/\/www.esteri.it\/it\/servizi-consolari-e-visti\/italiani-all-estero\/assistenzacittadiniestero\/\">Informazioni generali<\/a><\/p>\n<p>&nbsp;<\/p>\n<h4>ASSISTENZA SANITARIA<\/h4>\n<p>In considerazione sia delle precarie condizioni nelle quali versano le strutture sanitarie e assistenziali locali sia della circostanza che non risultano presenti in Myanmar cittadini italiani in condizioni di indigenza, l&#8217;Ambasciata d&#8217;Italia a Yangon non ha stipulato alcuna\u00a0 Convenzione che consenta ai cittadini italiani indigenti, residenti nella circoscrizione, di fuire di cure e ricoveri.<\/p>\n<h4>ASSISTENZA ECONOMICA<\/h4>\n<p>Il Consolato pu\u00f2 erogare un sussidio al cittadino italiano residente stabilmente nella circoscrizione consolare che si trovi in una situazione di comprovata eccezionale necessit\u00e0, come un ritardo nell\u2019arrivo dell\u2019assegno di assistenza governativa, disabilit\u00e0, condizioni mediche particolari che comportano speciali spese mediche, dietetiche o farmaceutiche non coperte dall\u2019assistenza locale, eccetera. Il connazionale indigente dovr\u00e0 appunto provare, all\u2019occorrenza, la sua condizione di eccezionale necessit\u00e0 esibendo la documentazione che gli verr\u00e0 richiesta. I sussidi non possono superare il limite massimo stabilito dalle disposizioni ministeriali.<br \/>\nIn questo tipo di assistenza rientra anche il rilascio o il rinnovo gratuito del passaporto italiano a cittadini in difficolt\u00e0 economiche.<\/p>\n<p>Il cittadino italiano in transito che abbia subito il furto di denaro o altri documenti pu\u00f2 anche richiedere l\u2019erogazione di un prestito con promessa di restituzione allo Stato italiano. La concessione del prestito \u00e8 subordinata alla valutazione del Consolato.<\/p>\n<p>&nbsp;<\/p>\n<h4>RIMPATRI E RIMPATRI SANITARI<\/h4>\n<p>Un settore particolarmente delicato dell\u2019attivit\u00e0 di assistenza ai cittadini italiani all\u2019estero riguarda il rimpatrio dei connazionali che si trovino in Paesi stranieri in situazioni di gravi difficolt\u00e0, non superabili in loco. Gli interventi della Farnesina, in collaborazione con gli enti territorialmente competenti (Prefetture, Questure, Comuni, Unit\u00e0 Sanitarie Locali, Servizi Sociali), riguardano:<\/p>\n<ul>\n<li>connazionali emigrati, che si trovano nella necessit\u00e0 di rientrare in Italia in via definitiva per motivi economici o sanitari;<\/li>\n<li>minori in stato di abbandono;<\/li>\n<li>malati di mente (la procedura in questo caso e&#8217; assai complessa, perch\u00e8 richiede la presenza di uno o pi\u00f9 accompagnatori qualificati, nonch\u00e8 il reperimento di ospedali specializzati);<\/li>\n<li>cittadini italiani al termine della detenzione o espulsi;<\/li>\n<li>anziani soli per i quali viene richiesto il ricovero in case di riposo in Italia;<\/li>\n<li>ammalati gravi che non possono essere curati in loco per mancanza di idonee strutture.<\/li>\n<\/ul>\n<p>I rimpatri a carico dell&#8217;Erario sono limitati ai casi di comprovata indigenza verificati dalla rete diplomatico-consolare; in tutti gli altri casi il rimpatrio avviene previa sottoscrizione di prestiti con promessa di restituzione all\u2019Erario.<\/p>\n<p>&nbsp;<\/p>\n<h4>RIMPATRIO DELLE SALME<\/h4>\n<p align=\"justify\">Perdere una persona cara \u00e8 sempre motivo di grande dolore, ma se questo dovesse succedere all&#8217;estero, al dolore si aggiunge la necessit\u00e0 di risolvere alcuni problemi pratici.\u00a0Qui di seguito diamo delle indicazioni generali sulla soluzione di tali problemi.<\/p>\n<p align=\"justify\">Per il rimpatrio della salma, una volta contattata una Rappresentanza italiana all&#8217;estero, sar\u00e0 inoltrata una richiesta al competente Comune italiano per ottenere il &#8220;nulla osta all&#8217;introduzione della salma&#8221;. Avuto il &#8220;nulla osta&#8221; dal Comune, l&#8217;agenzia di pompe funebri, incaricata dai familiari del rimpatrio a proprie spese della salma, potr\u00e0 procedere.<\/p>\n<p align=\"justify\">Per quanto attiene, nello specifico, alla situazione del Myanmar, si segnala che a causa sia delle pessime condizioni nelle quali versano gli obitori sia delle alte temperature che si registrano nel Paese soprattutto in alcuni periodi dell&#8217;anno, i cadaveri vengono di norma cremati.<\/p>\n<p align=\"justify\">Per evitare la cremazione e ottenere l&#8217;autorizzazione all&#8217;ingresso della salma in Italia, \u00e8 necessario importare dai paesi limitrofi le bare zincate che soddisfino i requisiti previsti dalla legge italiana, con\u00a0\u00a0notevoli costi\u00a0a carico delle famiglie.<strong><\/p>\n<p><\/strong>E&#8217; peraltro possibile rivolgersi alle Regioni ed agli enti locali per eventuali rimborsi o contributi.<\/p>\n<p>In caso di decesso di connazionali residenti all&#8217;estero in stato di accertata indigenza, il Consolato o l&#8217;Ambasciata contattati potranno prestare assistenza ai familiari indigenti, residenti all&#8217;estero, del connazionale deceduto, mediante rimborso totale o parziale delle spese funebri sostenute in loco, regolarmente documentate.<\/p>\n<p>&nbsp;<\/p>\n<h4>PROTEZIONE CONSOLARE E QUESTIONI LEGALI<\/h4>\n<p align=\"justify\">Nell&#8217;ambito della protezione e dell&#8217;assistenza consolare, numerosi interventi riguardano i cittadini che incorrano in problemi con la giustizia locale o che rimangano coinvolti in incidenti; il rimpatrio delle salme; la ricerca di connazionali che non danno pi\u00f9 notizia di s\u00e9; l&#8217;assistenza a genitori italiani ai quali il coniuge straniero o doppio cittadino abbia sottratto un figlio, portandolo con s\u00e9 all&#8217;estero.<\/p>\n<p align=\"justify\">Per gli incidenti occorsi all&#8217;estero, le Rappresentanze diplomatico-consolari si assicurano che i cittadini ricevano adeguati trattamenti medici in loco, che vengano debitamente informati i familiari e che venga fornita ogni possibile assistenza in caso di necessit\u00e0 di trasferimento in Italia.<\/p>\n<p>Nel caso in cui un connazionale sia arrestato in un paese straniero, il Consolato pu\u00f2:<\/p>\n<ul>\n<li>effettuare visite consolari al detenuto;<\/li>\n<li>indicare un eventuale legale;<\/li>\n<li>curare i collegamenti con i familiari in Italia;<\/li>\n<li>provvedere ad assicurare al detenuto, quando necessario e consentito dalle norme locali, assistenza medica, alimenti, libri e giornali;<\/li>\n<li>intervenire per il trasferimento in Italia, qualora il connazionale sia detenuto in Paesi aderenti alla Convenzione di Strasburgo sul trasferimento dei detenuti o ad accordi bilaterali ad hoc;<\/li>\n<li>intervenire, in particolari casi, per sostenere domande di grazia, su basi umanitarie.<\/li>\n<\/ul>\n<p align=\"justify\">Il Consolato <span style=\"text-decoration: underline;\">non<\/span> pu\u00f2:<\/p>\n<ul>\n<li>intervenire in giudizio per conto del connazionale;<\/li>\n<li>pagare le spese legali del detenuto.<\/li>\n<\/ul>\n<h4><\/h4>\n<h4>LA SOTTRAZIONE INTERNAZIONALE DI MINORI<\/h4>\n<p align=\"justify\">La problematica della sottrazione internazionale di minori ha assunto negli ultimi tempi una rilevanza crescente, sia per l&#8217;aumento di separazioni, spesso conflittuali, fra persone di diversa o doppia cittadinanza, sia per la maggiore sensibilit\u00e0 con la quale il problema \u00e8 avvertito nel nostro Paese.<\/p>\n<p>Il solo strumento cogente a disposizione del genitore connazionale per il recupero del minore \u00e8 la Convenzione dell&#8217;Aja del 25.10.1980 (Autorit\u00e0 Centrale per l\u2019Italia \u00e8 il Dipartimento Giustizia Minorile presso il Ministero della Giustizia). In caso di non applicabilit\u00e0 della Convenzione, il Ministero attua appieno le sue funzioni istituzionali modulando gli interventi in relazione alla specificit\u00e0 dei casi.<\/p>\n<p>&nbsp;<\/p>\n<h4>RICERCHE DI CONNAZIONALI ALL&#8217;ESTERO<\/h4>\n<p align=\"justify\">Sulla base della Legge 675\/96 sulla riservatezza dei dati personali, nessun ente pubblico pu\u00f2 diffondere informazioni su persone a privati cittadini senza il consenso degli interessati. Pertanto, una volta individuata la persona cercata, il Ministero degli Affari Esteri chiede il consenso dell&#8217;interessato\/a ad informare chi ha inoltrato la richiesta di notizie.<\/p>\n<p>Gli Uffici consolari effettuano, nei limiti degli strumenti ammessi dalla legislazione locale e di quanto sopra specificato,\u00a0ricerche per le quali il richiedente abbia dimostrato un interesse legittimo. Le richieste vanno indirizzate direttamente via mail all\u2019Ufficio consolare competente mediante istanza autografa motivata (in carta semplice), allegando la copia di un documento d\u2019identit\u00e0 valido del richiedente.<\/p>\n<p>In caso di\u00a0scomparsa\u00a0deve essere presentata una denuncia ai competenti organi di polizia. Copia di tale denuncia (possibilmente in formato pdf) deve essere trasmessa all\u2019Ufficio consolare territorialmente competente e, per conoscenza, all\u2019Ufficio IV della Direzione Generale per gli Italiani all\u2019Estero e le Politiche Migratorie (<a href=\"mailto:dgit4@esteri.it\">dgit-04@esteri.it<\/a>).<\/p>\n","protected":false},"excerpt":{"rendered":"Il servizio di assistenza sociale \u00e8 destinato ai cittadini italiani che versano in una situazione di indigenza. I cittadini italiani possono ricevere dal Consolato un aiuto economico o di altro tipo per superare una momentanea difficolt\u00e0. Informazioni generali &nbsp; ASSISTENZA SANITARIA In considerazione sia delle precarie condizioni nelle quali versano le strutture sanitarie e assistenziali [&hellip;]","protected":false},"author":1,"featured_media":0,"parent":47,"menu_order":6,"comment_status":"closed","ping_status":"closed","template":"","meta":{"footnotes":""},"class_list":["post-69","page","type-page","status-publish","hentry"],"_links":{"self":[{"href":"https:\/\/ambyangon.esteri.it\/it\/wp-json\/wp\/v2\/pages\/69","targetHints":{"allow":["GET"]}}],"collection":[{"href":"https:\/\/ambyangon.esteri.it\/it\/wp-json\/wp\/v2\/pages"}],"about":[{"href":"https:\/\/ambyangon.esteri.it\/it\/wp-json\/wp\/v2\/types\/page"}],"author":[{"embeddable":true,"href":"https:\/\/ambyangon.esteri.it\/it\/wp-json\/wp\/v2\/users\/1"}],"replies":[{"embeddable":true,"href":"https:\/\/ambyangon.esteri.it\/it\/wp-json\/wp\/v2\/comments?post=69"}],"version-history":[{"count":3,"href":"https:\/\/ambyangon.esteri.it\/it\/wp-json\/wp\/v2\/pages\/69\/revisions"}],"predecessor-version":[{"id":293,"href":"https:\/\/ambyangon.esteri.it\/it\/wp-json\/wp\/v2\/pages\/69\/revisions\/293"}],"up":[{"embeddable":true,"href":"https:\/\/ambyangon.esteri.it\/it\/wp-json\/wp\/v2\/pages\/47"}],"wp:attachment":[{"href":"https:\/\/ambyangon.esteri.it\/it\/wp-json\/wp\/v2\/media?parent=69"}],"curies":[{"name":"wp","href":"https:\/\/api.w.org\/{rel}","templated":true}]}}