{"id":89,"date":"2023-04-11T18:22:07","date_gmt":"2023-04-11T16:22:07","guid":{"rendered":"https:\/\/ambasciatapraga.esteri.it\/?page_id=89"},"modified":"2025-02-14T17:06:17","modified_gmt":"2025-02-14T10:36:17","slug":"visti","status":"publish","type":"page","link":"https:\/\/ambyangon.esteri.it\/it\/servizi-consolari-e-visti\/servizi-per-il-cittadino-straniero\/visti\/","title":{"rendered":"Visti"},"content":{"rendered":"<p>Gli appuntamenti per la presentazione delle domande di visto <strong>devono essere prenotati tramite il sistema online dell\u2019Ambasciata<\/strong>. Il servizio \u00e8 disponibile sia in italiano che in inglese ed \u00e8 attivo sulla pagina web <a href=\"https:\/\/prenotami.esteri.it\">https:\/\/prenotami.esteri.it<\/a>. <strong>Il sistema di prenotazione Prenot@Mi \u00e8 completamente gratuito<\/strong>. Non \u00e8 richiesto alcun tipo di pagamento per fissare un appuntamento. Mettiamo in guardia tutti gli utenti da chi sostiene di poter fissare appuntamenti in tempi pi\u00f9 brevi ricevendo una somma di denaro e raccomandiamo di <strong>non<\/strong> <strong>pagare<\/strong> per nessun servizio di questo tipo. L\u2019Ambasciata d\u2019Italia a Yangon si dissocia completamente e inequivocabilmente da qualsiasi sito web, agenzia o persona che abbia svolto o stia ancora svolgendo tale attivit\u00e0 e si riserva ogni diritto di intraprendere tutte le azioni necessarie al riguardo.<\/p>\n<p>L\u2019elenco dettagliato dei documenti necessari per ogni tipo di visto e ulteriori informazioni sulle domande di visto sono disponibili sul sito dell\u2019Ambasciata <a href=\"https:\/\/ambyangon.esteri.it\/it\/servizi-consolari-e-visti\/servizi-per-il-cittadino-straniero\/visti\/documenti-necessari-per-richiesta-visto\/\">(https:\/\/ambyangon.esteri.it\/it\/servizi-consolari-e-visti\/servizi-per-il-cittadino-straniero\/visti\/documents-you-need-to-apply-for-visa\/<\/a>).<\/p>\n<p>Qualsiasi e-mail contenente richieste di appuntamento o informazioni che sono gi\u00e0 presenti sul sito web non sar\u00e0 presa in considerazione e non ricever\u00e0 risposta.<\/p>\n<p>L\u2019Ufficio visti risponder\u00e0 solamente alle e-mail contenenti richieste urgenti relative a visti per motivi familiari, di studio, di lavoro (compresi i marittimi) o d\u2019affari.<\/p>\n<p><strong>AVVISO<\/strong>:<\/p>\n<p>Si prega di notare che, a partire dall\u2019<strong>11 giugno 2024<\/strong>, la tariffa per la <strong>richiesta di visto Schengen<\/strong> \u00e8 aumentata da 80 EUR a <strong>90 EUR<\/strong> (e da 40 EUR a <strong>45 EUR<\/strong> per i bambini tra i 6 e gli 11 anni).<\/p>\n<p>&nbsp;<\/p>\n","protected":false},"excerpt":{"rendered":"Gli appuntamenti per la presentazione delle domande di visto devono essere prenotati tramite il sistema online dell\u2019Ambasciata. Il servizio \u00e8 disponibile sia in italiano che in inglese ed \u00e8 attivo sulla pagina web https:\/\/prenotami.esteri.it. Il sistema di prenotazione Prenot@Mi \u00e8 completamente gratuito. Non \u00e8 richiesto alcun tipo di pagamento per fissare un appuntamento. Mettiamo in [&hellip;]","protected":false},"author":1,"featured_media":0,"parent":48,"menu_order":0,"comment_status":"closed","ping_status":"closed","template":"","meta":{"footnotes":""},"class_list":["post-89","page","type-page","status-publish","hentry"],"_links":{"self":[{"href":"https:\/\/ambyangon.esteri.it\/it\/wp-json\/wp\/v2\/pages\/89","targetHints":{"allow":["GET"]}}],"collection":[{"href":"https:\/\/ambyangon.esteri.it\/it\/wp-json\/wp\/v2\/pages"}],"about":[{"href":"https:\/\/ambyangon.esteri.it\/it\/wp-json\/wp\/v2\/types\/page"}],"author":[{"embeddable":true,"href":"https:\/\/ambyangon.esteri.it\/it\/wp-json\/wp\/v2\/users\/1"}],"replies":[{"embeddable":true,"href":"https:\/\/ambyangon.esteri.it\/it\/wp-json\/wp\/v2\/comments?post=89"}],"version-history":[{"count":6,"href":"https:\/\/ambyangon.esteri.it\/it\/wp-json\/wp\/v2\/pages\/89\/revisions"}],"predecessor-version":[{"id":2198,"href":"https:\/\/ambyangon.esteri.it\/it\/wp-json\/wp\/v2\/pages\/89\/revisions\/2198"}],"up":[{"embeddable":true,"href":"https:\/\/ambyangon.esteri.it\/it\/wp-json\/wp\/v2\/pages\/48"}],"wp:attachment":[{"href":"https:\/\/ambyangon.esteri.it\/it\/wp-json\/wp\/v2\/media?parent=89"}],"curies":[{"name":"wp","href":"https:\/\/api.w.org\/{rel}","templated":true}]}}