{"id":90,"date":"2023-04-11T18:22:23","date_gmt":"2023-04-11T16:22:23","guid":{"rendered":"https:\/\/ambasciatapraga.esteri.it\/?page_id=90"},"modified":"2024-06-28T16:03:56","modified_gmt":"2024-06-28T09:33:56","slug":"cittadinanza","status":"publish","type":"page","link":"https:\/\/ambyangon.esteri.it\/it\/servizi-consolari-e-visti\/servizi-per-il-cittadino-straniero\/cittadinanza\/","title":{"rendered":"Cittadinanza"},"content":{"rendered":"<div class=\"corpoPagina\">La cittadinanza italiana si basa sul principio dello ius sanguinis (diritto di sangue), per il quale il figlio nato da padre italiano o da madre italiana \u00e8 italiano; tuttavia \u00e8 da tener presente che la madre cittadina trasmette la cittadinanza ai figli minori solo a partire dal 1.1.1948, per effetto di una specifica sentenza della Corte Costituzionale. Attualmente, la cittadinanza italiana \u00e8 regolata dalla legge n. 91 del 5.12.1992 che, a differenza della legge precedente, rivaluta il peso della volont\u00e0 individuale nell\u2019acquisto e nella perdita della cittadinanza e riconosce il diritto alla titolarit\u00e0 contemporanea di pi\u00f9 cittadinanze, fatte salve le diverse disposizioni previste da accordi internazionali.<\/div>\n<h4><\/h4>\n<h4 class=\"corpoPagina\"><strong>Acquisto della cittadinanza italiana<\/strong><\/h4>\n<ul>\n<li class=\"corpoPagina\">\n<h5>Modalit\u00e0 di acquisto automatiche<\/h5>\n<\/li>\n<\/ul>\n<div class=\"corpoPagina\">\n<ul>\n<li style=\"list-style-type: none;\">\n<ul>\n<li>Per <strong>filiazione<\/strong>.<\/li>\n<li>Per <strong>nascita sul territorio italiano<\/strong>, in ogni caso in cui i genitori siano ignoti o apolidi o non trasmettano la propria cittadinanza al figlio secondo la legge dello Stato al quale essi appartengono; nel caso in cui il figlio di ignoti venga trovato abbandonato in territorio italiano e non si riesca a determinarne lo status civitatis.<\/li>\n<li>Per <strong>riconoscimento di paternit\u00e0 o maternit\u00e0<\/strong>, durante la minore et\u00e0 del figlio (nel caso in cui il figlio riconosciuto sia maggiorenne, \u00e8 necessaria la elezione di cittadinanza da parte di quest\u2019ultimo entro un anno dal riconoscimento stesso).<\/li>\n<li>Per <strong>adozione<\/strong>, sia che il minore straniero sia adottato da cittadino italiano mediante provvedimento dell\u2019Autorit\u00e0 Giudiziaria italiana, sia nel caso in cui l\u2019adozione venga pronunciata all\u2019estero e resa efficace in Italia con ordine (emanato dal Tribunale per i minorenni) di trascrizione nei Registri dello Stato Civile. Se l\u2019adottato \u00e8 maggiorenne, pu\u00f2 acquistare la cittadinanza italiana per naturalizzazione, decorso un periodo di residenza legale in Italia di 5 anni successivamente all\u2019adozione (vedi in Modalit\u00e0 d\u2019acquisto a domanda: Naturalizzazione).<\/li>\n<\/ul>\n<\/li>\n<\/ul>\n<\/div>\n<ul>\n<li>\n<h5>Modalit\u00e0 di acquisto su domanda<\/h5>\n<\/li>\n<li style=\"list-style-type: none;\">\n<ul>\n<li>\n<h6><strong>Dichiarazione di volont\u00e0 dell\u2019interessato<\/strong><\/h6>\n<\/li>\n<\/ul>\n<\/li>\n<\/ul>\n<p style=\"padding-left: 80px;\">Se lo straniero \u00e8 discendente da cittadino italiano per nascita (fino al 2\u00b0 grado) pu\u00f2 ottenere la cittadinanza se (in alternativa):<\/p>\n<ul>\n<li style=\"list-style-type: none;\">\n<ul>\n<li style=\"list-style-type: none;\">\n<ul>\n<li>svolge il servizio militare nelle Forze Armate Italiane;<\/li>\n<li>assume un impiego pubblico alle dipendenze dello Stato, anche all\u2019estero;<\/li>\n<li>risiede legalmente in Italia da almeno due anni al raggiungimento della maggiore et\u00e0. Se lo straniero \u00e8 nato sul territorio italiano pu\u00f2 ottenere la cittadinanza se risiede legalmente ed ininterrottamente in Italia dalla nascita fino al raggiungimento della maggiore et\u00e0.<\/li>\n<\/ul>\n<\/li>\n<\/ul>\n<\/li>\n<\/ul>\n<ul>\n<li style=\"list-style-type: none;\">\n<ul>\n<li>\n<h6><a href=\"https:\/\/ambyangon.esteri.it\/it\/servizi-consolari-e-visti\/servizi-per-il-cittadino-straniero\/cittadinanza\/cittadinanza-italiana-per-matrimonio-o-unione-civile\/\"><strong>Matrimonio o unione civile con cittadino\\a italiano\\a<\/strong><\/a><\/h6>\n<\/li>\n<\/ul>\n<\/li>\n<\/ul>\n<p style=\"padding-left: 80px;\">I requisiti richiesti sono:<\/p>\n<ul>\n<li style=\"list-style-type: none;\">\n<ul>\n<li style=\"list-style-type: none;\">\n<ul>\n<li>residenza legale in Italia per un periodo di almeno sei mesi dopo il matrimonio oppure tre anni di matrimonio se residenti all\u2019estero;<\/li>\n<li>validit\u00e0 del matrimonio o dell&#8217;unione civile;<\/li>\n<li>assenza di condanne penali;<\/li>\n<li>assenza di impedimenti connessi alla sicurezza nazionale.<\/li>\n<\/ul>\n<\/li>\n<\/ul>\n<\/li>\n<\/ul>\n<p style=\"padding-left: 80px;\">La domanda di acquisto della cittadinanza va indirizzata al Ministro dell\u2019Interno e va presentata alla Prefettura della Provincia di residenza, se la residenza \u00e8 in Italia, o all\u2019Autorit\u00e0 diplomatico-consolare, se la residenza \u00e8 all\u2019estero. Per maggiori informazioni, si prega di consultare la <a href=\"https:\/\/ambyangon.esteri.it\/it\/servizi-consolari-e-visti\/servizi-per-il-cittadino-straniero\/cittadinanza\/cittadinanza-italiana-per-matrimonio-o-unione-civile\/\">pagina dedicata<\/a>.<\/p>\n<ul>\n<li style=\"list-style-type: none;\">\n<ul>\n<li>\n<h6><strong>Naturalizzazione<\/strong><\/h6>\n<\/li>\n<\/ul>\n<\/li>\n<\/ul>\n<p style=\"padding-left: 80px;\">I requisiti sono:<\/p>\n<ul>\n<li style=\"list-style-type: none;\">\n<ul>\n<li style=\"list-style-type: none;\">\n<ul>\n<li>dieci anni di residenza legale;<\/li>\n<li>reddito sufficiente;<\/li>\n<li>assenza di precedenti penali;<\/li>\n<li>rinuncia alla cittadinanza d\u2019origine (ove prevista).<\/li>\n<\/ul>\n<\/li>\n<\/ul>\n<\/li>\n<\/ul>\n<p style=\"padding-left: 80px;\">Il numero di anni pu\u00f2 essere abbreviato a:<\/p>\n<ul>\n<li style=\"list-style-type: none;\">\n<ul>\n<li style=\"list-style-type: none;\">\n<ul>\n<li>tre anni di residenza legale per i discendenti di ex cittadini italiani per nascita fino al secondo grado e per gli stranieri nati sul territorio italiano;<\/li>\n<li>quattro anni di residenza legale per i cittadini di uno Stato appartenente alle Comunit\u00e0 Europee;<\/li>\n<li>cinque anni di residenza legale per gli apolidi e i rifugiati, cos\u00ec come per gli stranieri maggiorenni adottati da cittadini italiani;<\/li>\n<li>sette anni di residenza legale per l\u2019affiliato da cittadino italiano;<\/li>\n<li>non \u00e8 richiesto alcun periodo di residenza per gli stranieri che hanno prestato servizio allo Stato per un periodo di almeno cinque anni, anche all\u2019estero.<\/li>\n<\/ul>\n<\/li>\n<\/ul>\n<\/li>\n<\/ul>\n<p style=\"padding-left: 80px;\">La domanda di naturalizzazione va intestata al Presidente della Repubblica e presentata alla Prefettura della Provincia di residenza.<\/p>\n<p>&nbsp;<\/p>\n<h4><strong>Riacquisto della cittadinanza italiana<\/strong><\/h4>\n<p>In caso di perdita, la cittadinanza italiana pu\u00f2 essere riacquistata:<\/p>\n<ul>\n<li>\n<h6>Automaticamente<\/h6>\n<p>Dopo un anno dalla data in cui \u00e8 stata stabilita la residenza nel territorio della Repubblica, salvo che entro lo stesso termine non vi si rinunci.<\/li>\n<\/ul>\n<ul>\n<li>\n<h6>Con domanda<\/h6>\n<ul>\n<li>Prestando effettivo servizio militare nelle Forze Armate Italiane;<\/li>\n<li>assumendo, o avendo assunto, un pubblico impiego alle dipendenze dello Stato anche all\u2019estero;<\/li>\n<li>presentando, per i residenti all\u2019estero, presso l\u2019Autorit\u00e0 Consolare italiana, una dichiarazione tesa al riacquisto della cittadinanza italiana e stabilendo, entro un anno dalla dichiarazione, la propria residenza in Italia;<\/li>\n<li>mediante dichiarazione, da parte della cittadina italiana che ha perduto automaticamente la cittadinanza per matrimonio con uno straniero celebrato anteriormente al 1\u00b0 gennaio 1948.<\/li>\n<\/ul>\n<\/li>\n<\/ul>\n","protected":false},"excerpt":{"rendered":"La cittadinanza italiana si basa sul principio dello ius sanguinis (diritto di sangue), per il quale il figlio nato da padre italiano o da madre italiana \u00e8 italiano; tuttavia \u00e8 da tener presente che la madre cittadina trasmette la cittadinanza ai figli minori solo a partire dal 1.1.1948, per effetto di una specifica sentenza della [&hellip;]","protected":false},"author":1,"featured_media":0,"parent":48,"menu_order":2,"comment_status":"closed","ping_status":"closed","template":"","meta":{"footnotes":""},"class_list":["post-90","page","type-page","status-publish","hentry"],"_links":{"self":[{"href":"https:\/\/ambyangon.esteri.it\/it\/wp-json\/wp\/v2\/pages\/90","targetHints":{"allow":["GET"]}}],"collection":[{"href":"https:\/\/ambyangon.esteri.it\/it\/wp-json\/wp\/v2\/pages"}],"about":[{"href":"https:\/\/ambyangon.esteri.it\/it\/wp-json\/wp\/v2\/types\/page"}],"author":[{"embeddable":true,"href":"https:\/\/ambyangon.esteri.it\/it\/wp-json\/wp\/v2\/users\/1"}],"replies":[{"embeddable":true,"href":"https:\/\/ambyangon.esteri.it\/it\/wp-json\/wp\/v2\/comments?post=90"}],"version-history":[{"count":6,"href":"https:\/\/ambyangon.esteri.it\/it\/wp-json\/wp\/v2\/pages\/90\/revisions"}],"predecessor-version":[{"id":1895,"href":"https:\/\/ambyangon.esteri.it\/it\/wp-json\/wp\/v2\/pages\/90\/revisions\/1895"}],"up":[{"embeddable":true,"href":"https:\/\/ambyangon.esteri.it\/it\/wp-json\/wp\/v2\/pages\/48"}],"wp:attachment":[{"href":"https:\/\/ambyangon.esteri.it\/it\/wp-json\/wp\/v2\/media?parent=90"}],"curies":[{"name":"wp","href":"https:\/\/api.w.org\/{rel}","templated":true}]}}